{"id":15,"date":"2023-02-02T17:41:28","date_gmt":"2023-02-02T20:41:28","guid":{"rendered":"https:\/\/kae.tec.br\/eletricista\/?page_id=15"},"modified":"2024-11-16T07:12:10","modified_gmt":"2024-11-16T10:12:10","slug":"blog-do-eletricista-2","status":"publish","type":"page","link":"https:\/\/kae.tec.br\/eletricista\/","title":{"rendered":"Blog do Eletricista"},"content":{"rendered":"\n<h2 class=\"wp-block-heading has-medium-font-size\">El\u00e9trica, constru\u00e7\u00e3o, decora\u00e7\u00e3o, servi\u00e7os, tecnologia e curiosidades<\/h2>\n\n\n\n<hr class=\"wp-block-separator alignwide has-text-color has-alpha-channel-opacity has-background\" style=\"background-color:#ff9900;color:#ff9900\"\/>\n\n\n\n<h2 class=\"wp-block-heading\">\u00daltimos posts:<\/h2>\n\n\n<ul class=\"wp-block-latest-posts__list has-author aligncenter wp-block-latest-posts\"><li><a class=\"wp-block-latest-posts__post-title\" href=\"https:\/\/kae.tec.br\/eletricista\/%e2%9a%a1-por-que-o-disjuntor-desarma-entenda-as-causas-mais-comuns\/\">\u26a1 Por que o disjuntor desarma? Entenda as causas mais comuns<\/a><div class=\"wp-block-latest-posts__post-author\">por Eletricista<\/div><div class=\"wp-block-latest-posts__post-excerpt\">\ud83d\udca1 Se o disjuntor da sua casa vive desarmando, saiba que isso na maioria das vezes n\u00e3o \u00e9 defeito do disjuntor \u2014 na verdade, \u00e9 um sinal de prote\u00e7\u00e3o funcionando! O disjuntor existe justamente para desarmar em caso de curtos-circuitos e sobrecargas. Mas afinal\u2026 \ud83d\udd0e Por que o disjuntor desarma? Existem algumas causas muito comuns: &#8230; <a title=\"\u26a1 Por que o disjuntor desarma? Entenda as causas mais comuns\" class=\"read-more\" href=\"https:\/\/kae.tec.br\/eletricista\/%e2%9a%a1-por-que-o-disjuntor-desarma-entenda-as-causas-mais-comuns\/\" aria-label=\"Read more about \u26a1 Por que o disjuntor desarma? Entenda as causas mais comuns\">Ler mais<\/a><\/div><\/li>\n<li><div class=\"wp-block-latest-posts__featured-image\"><a href=\"https:\/\/kae.tec.br\/eletricista\/einstein-e-a-eletricidade-a-revolucao-do-efeito-fotoeletrico\/\" aria-label=\"Einstein e a Eletricidade: A Revolu\u00e7\u00e3o do Efeito Fotoel\u00e9trico\"><img loading=\"lazy\" decoding=\"async\" width=\"150\" height=\"150\" src=\"https:\/\/kae.tec.br\/eletricista\/wp-content\/uploads\/2025\/03\/Albert-Einstein-150x150.jpeg\" class=\"attachment-thumbnail size-thumbnail wp-post-image\" alt=\"Albert-Einstein\" style=\"max-width:150px;max-height:150px;\" \/><\/a><\/div><a class=\"wp-block-latest-posts__post-title\" href=\"https:\/\/kae.tec.br\/eletricista\/einstein-e-a-eletricidade-a-revolucao-do-efeito-fotoeletrico\/\">Einstein e a Eletricidade: A Revolu\u00e7\u00e3o do Efeito Fotoel\u00e9trico<\/a><div class=\"wp-block-latest-posts__post-author\">por Eletricista<\/div><div class=\"wp-block-latest-posts__post-excerpt\">\ud83d\udca1 Se Einstein n\u00e3o tivesse existido, ser\u00e1 que ter\u00edamos energia solar hoje? Albert Einstein \u00e9 mais conhecido por sua Teoria da Relatividade, mas voc\u00ea sabia que ele tamb\u00e9m revolucionou a eletricidade? \ud83e\udd2f Em 1905, Einstein explicou o efeito fotoel\u00e9trico, provando que a luz pode liberar el\u00e9trons de um material e gerar eletricidade.Esse conceito \u00e9 a &#8230; <a title=\"Einstein e a Eletricidade: A Revolu\u00e7\u00e3o do Efeito Fotoel\u00e9trico\" class=\"read-more\" href=\"https:\/\/kae.tec.br\/eletricista\/einstein-e-a-eletricidade-a-revolucao-do-efeito-fotoeletrico\/\" aria-label=\"Read more about Einstein e a Eletricidade: A Revolu\u00e7\u00e3o do Efeito Fotoel\u00e9trico\">Ler mais<\/a><\/div><\/li>\n<li><div class=\"wp-block-latest-posts__featured-image\"><a href=\"https:\/\/kae.tec.br\/eletricista\/a-importancia-de-um-quadro-de-disjuntores-bem-organizado\/\" aria-label=\"A Import\u00e2ncia de um Quadro de Disjuntores Bem Organizado\"><img loading=\"lazy\" decoding=\"async\" width=\"150\" height=\"150\" src=\"https:\/\/kae.tec.br\/eletricista\/wp-content\/uploads\/2024\/11\/Quadro-de-disjuntores-Organizado-150x150.jpeg\" class=\"attachment-thumbnail size-thumbnail wp-post-image\" alt=\"Quadro de disjuntores Organizado\" style=\"max-width:150px;max-height:150px;\" \/><\/a><\/div><a class=\"wp-block-latest-posts__post-title\" href=\"https:\/\/kae.tec.br\/eletricista\/a-importancia-de-um-quadro-de-disjuntores-bem-organizado\/\">A Import\u00e2ncia de um Quadro de Disjuntores Bem Organizado<\/a><div class=\"wp-block-latest-posts__post-author\">por Eletricista<\/div><div class=\"wp-block-latest-posts__post-excerpt\">O quadro de disjuntores \u00e9 o cora\u00e7\u00e3o do sistema el\u00e9trico de qualquer resid\u00eancia ou empresa. Ele garante seguran\u00e7a e efici\u00eancia na distribui\u00e7\u00e3o de energia, protegendo os circuitos contra sobrecargas e curto-circuitos. Por\u00e9m, muitas vezes, sua organiza\u00e7\u00e3o \u00e9 negligenciada, o que pode causar problemas no futuro. Por que a organiza\u00e7\u00e3o \u00e9 essencial? Como manter o quadro &#8230; <a title=\"A Import\u00e2ncia de um Quadro de Disjuntores Bem Organizado\" class=\"read-more\" href=\"https:\/\/kae.tec.br\/eletricista\/a-importancia-de-um-quadro-de-disjuntores-bem-organizado\/\" aria-label=\"Read more about A Import\u00e2ncia de um Quadro de Disjuntores Bem Organizado\">Ler mais<\/a><\/div><\/li>\n<li><div class=\"wp-block-latest-posts__featured-image\"><a href=\"https:\/\/kae.tec.br\/eletricista\/carregamento-sem-fio-baseado-em-inducao-a-revolucao-da-inducao-magnetica-no-dia-a-dia\/\" aria-label=\"Carregamento Sem Fio Baseado em Indu\u00e7\u00e3o: A Revolu\u00e7\u00e3o da Indu\u00e7\u00e3o Magn\u00e9tica no Dia a Dia\"><img loading=\"lazy\" decoding=\"async\" width=\"150\" height=\"150\" src=\"https:\/\/kae.tec.br\/eletricista\/wp-content\/uploads\/2024\/11\/inducao-eletromagnetica-150x150.jpeg\" class=\"attachment-thumbnail size-thumbnail wp-post-image\" alt=\"celular indu\u00e7\u00e3o eletromagn\u00e9tica\" style=\"max-width:150px;max-height:150px;\" srcset=\"https:\/\/kae.tec.br\/eletricista\/wp-content\/uploads\/2024\/11\/inducao-eletromagnetica-150x150.jpeg 150w, https:\/\/kae.tec.br\/eletricista\/wp-content\/uploads\/2024\/11\/inducao-eletromagnetica.jpeg 250w\" sizes=\"auto, (max-width: 150px) 100vw, 150px\" \/><\/a><\/div><a class=\"wp-block-latest-posts__post-title\" href=\"https:\/\/kae.tec.br\/eletricista\/carregamento-sem-fio-baseado-em-inducao-a-revolucao-da-inducao-magnetica-no-dia-a-dia\/\">Carregamento Sem Fio Baseado em Indu\u00e7\u00e3o: A Revolu\u00e7\u00e3o da Indu\u00e7\u00e3o Magn\u00e9tica no Dia a Dia<\/a><div class=\"wp-block-latest-posts__post-author\">por Eletricista<\/div><div class=\"wp-block-latest-posts__post-excerpt\">Com o avan\u00e7o da tecnologia, o carregamento sem fio est\u00e1 ganhando cada vez mais espa\u00e7o em nosso cotidiano, oferecendo praticidade e conveni\u00eancia.Mas voc\u00ea faz ideia de como funciona essa tecnologia?Entenda os conceitos por tr\u00e1s do carregamento por indu\u00e7\u00e3o, como ele \u00e9 utilizado atualmente e o que podemos esperar para o futuro. \u2699\ufe0f Entendendo o Princ\u00edpio &#8230; <a title=\"Carregamento Sem Fio Baseado em Indu\u00e7\u00e3o: A Revolu\u00e7\u00e3o da Indu\u00e7\u00e3o Magn\u00e9tica no Dia a Dia\" class=\"read-more\" href=\"https:\/\/kae.tec.br\/eletricista\/carregamento-sem-fio-baseado-em-inducao-a-revolucao-da-inducao-magnetica-no-dia-a-dia\/\" aria-label=\"Read more about Carregamento Sem Fio Baseado em Indu\u00e7\u00e3o: A Revolu\u00e7\u00e3o da Indu\u00e7\u00e3o Magn\u00e9tica no Dia a Dia\">Ler mais<\/a><\/div><\/li>\n<li><div class=\"wp-block-latest-posts__featured-image\"><a href=\"https:\/\/kae.tec.br\/eletricista\/fisico-alemao-heinrich-hertz\/\" aria-label=\"F\u00edsico Alem\u00e3o Heinrich Hertz\"><img loading=\"lazy\" decoding=\"async\" width=\"150\" height=\"150\" src=\"https:\/\/kae.tec.br\/eletricista\/wp-content\/uploads\/2024\/11\/Heinrich-Hertz-150x150.webp\" class=\"attachment-thumbnail size-thumbnail wp-post-image\" alt=\"Heinrich Hertz\" style=\"max-width:150px;max-height:150px;\" \/><\/a><\/div><a class=\"wp-block-latest-posts__post-title\" href=\"https:\/\/kae.tec.br\/eletricista\/fisico-alemao-heinrich-hertz\/\">F\u00edsico Alem\u00e3o Heinrich Hertz<\/a><div class=\"wp-block-latest-posts__post-author\">por Eletricista<\/div><div class=\"wp-block-latest-posts__post-excerpt\">Hertz \u00e9 amplamente reconhecido por ser o primeiro a demonstrar a exist\u00eancia de ondas eletromagn\u00e9ticas, um conceito te\u00f3rico proposto por James Clerk Maxwell em suas equa\u00e7\u00f5es de 1865.<\/div><\/li>\n<\/ul>\n\n\n<hr class=\"wp-block-separator alignwide has-text-color has-alpha-channel-opacity has-background is-style-default\" style=\"background-color:#ff9900;color:#ff9900\"\/>\n\n\n\n<h2 class=\"wp-block-heading\">Blog do Eletricista<\/h2>\n\n\n\n<h2 class=\"wp-block-heading\"><strong>J\u00e1 parou para pensar como seria a vida sem energia el\u00e9trica?<\/strong><\/h2>\n\n\n\n<figure class=\"wp-block-image size-full is-style-default\"><img loading=\"lazy\" decoding=\"async\" width=\"1024\" height=\"683\" src=\"https:\/\/kae.tec.br\/eletricista\/wp-content\/uploads\/2024\/03\/redes-de-distribuicao.webp\" alt=\"Rede de Distribui\u00e7\u00e3o de energia el\u00e9trica\" class=\"wp-image-1377\" srcset=\"https:\/\/kae.tec.br\/eletricista\/wp-content\/uploads\/2024\/03\/redes-de-distribuicao.webp 1024w, https:\/\/kae.tec.br\/eletricista\/wp-content\/uploads\/2024\/03\/redes-de-distribuicao-300x200.webp 300w, https:\/\/kae.tec.br\/eletricista\/wp-content\/uploads\/2024\/03\/redes-de-distribuicao-768x512.webp 768w\" sizes=\"auto, (max-width: 1024px) 100vw, 1024px\" \/><\/figure>\n\n\n\n<p>Algumas pessoas conseguem viver sem ela, mas a maioria n\u00e3o suportaria a ideia.<br>Afinal, a energia el\u00e9trica \u00e9 fundamental para o nosso dia a dia.<\/p>\n\n\n\n<h3 class=\"wp-block-heading\"><strong>Mas o que \u00e9 exatamente a energia el\u00e9trica?<\/strong><\/h3>\n\n\n\n<p>Energia el\u00e9trica \u00e9 a forma de energia que surge do movimento de cargas el\u00e9tricas.<br>\u00c9 a fonte de energia mais utilizada no mundo, pois pode ser facilmente transmitida por fios e transformada em outras formas de energia, como luz, calor e movimento.<\/p>\n\n\n\n<h3 class=\"wp-block-heading\"><strong>De onde vem a energia el\u00e9trica?<\/strong><\/h3>\n\n\n\n<p>A energia el\u00e9trica \u00e9 gerada a partir de diversas fontes, incluindo <a href=\"https:\/\/kae.tec.br\/eletricista\/fontes-de-energia-eletrica\/\" data-type=\"link\" data-id=\"https:\/\/kae.tec.br\/eletricista\/fontes-de-energia-eletrica\/\"><em>usinas hidrel\u00e9tricas<\/em><\/a>, usinas termel\u00e9tricas, usinas nucleares, usinas solares e e\u00f3licas, entre outras.<br>As <a href=\"https:\/\/kae.tec.br\/eletricista\/fontes-de-energia-eletrica\/\" data-type=\"URL\" data-id=\"https:\/\/kae.tec.br\/eletricista\/fontes-de-energia-eletrica\/\"><em>usinas geradoras de energia el\u00e9trica<\/em><\/a> convertem outras formas de energia em energia el\u00e9trica atrav\u00e9s de diversos processos, como a queima de combust\u00edveis, a movimenta\u00e7\u00e3o de turbinas e\u00f3licas com a ajuda do vento ou a capta\u00e7\u00e3o da radia\u00e7\u00e3o solar atrav\u00e9s das placas solares.<\/p>\n\n\n\n<p>A energia el\u00e9trica gerada \u00e9 distribu\u00edda a partir das usinas geradoras por meio de linhas de transmiss\u00e3o, que transportam a energia el\u00e9trica a grandes dist\u00e2ncias, e linhas de distribui\u00e7\u00e3o, que a distribuem para \u00e1reas locais.<br>As redes el\u00e9tricas s\u00e3o equipadas com transformadores que elevam e baixam a tens\u00e3o de acordo com a necessidade. Geralmente elevam nas esta\u00e7\u00f5es de transmiss\u00e3o e reduzem a tens\u00e3o da eletricidade para uso residencial, comercial e industrial.<\/p>\n\n\n\n<h3 class=\"wp-block-heading\"><strong>Para que serve a eletricidade?<\/strong><\/h3>\n\n\n\n<p>Essencial para a vida moderna, a eletricidade alimenta tudo ao nosso redor: l\u00e2mpadas, computadores, eletrodom\u00e9sticos, sistemas de climatiza\u00e7\u00e3o e muito mais. Sem ela, nosso mundo seria muito diferente.<\/p>\n\n\n\n<h3 class=\"wp-block-heading\">Energia el\u00e9trica \u00e9 poluente?<\/h3>\n\n\n\n<p>A energia el\u00e9trica \u00e9 uma forma de energia limpa, mas \u00e9 importante enfatizar que o processo de gera\u00e7\u00e3o pode ser poluente, principalmente quando s\u00e3o utilizadas fontes n\u00e3o renov\u00e1veis de energia.<br>Um exemplo de gera\u00e7\u00e3o nada amig\u00e1vel ao meio ambiente \u00e9 o uso do carv\u00e3o, queima-se grandes quantidades de carv\u00e3o para gerar eletricidade.<br>Felizmente, a energia solar e e\u00f3lica est\u00e3o cada vez mais presentes, ajudando a reduzir esses impactos, e a medida que o tempo passa novas formas de gera\u00e7\u00e3o de energia v\u00e3o surgindo.<\/p>\n\n\n\n<h3 class=\"wp-block-heading\"><strong>Energia el\u00e9trica \u00e9 segura?<\/strong><\/h3>\n\n\n\n<p>\u00c9 importante ter muito cuidado ao lidar com a eletricidade, pois ela pode ser perigosa se n\u00e3o for manuseada adequadamente.<br>Para evitar acidentes, \u00e9 necess\u00e1rio seguir as normas de seguran\u00e7a <a href=\"http:\/\/kae.tec.br\" data-type=\"link\" data-id=\"kae.tec.br\"><em><strong>el\u00e9trica<\/strong><\/em><\/a>, como n\u00e3o utilizar aparelhos el\u00e9tricos perto de \u00e1gua, n\u00e3o sobrecarregar as tomadas, usar fios e cabos em bom estado, aprovados pelo inmetro e ficar atento com falsifica\u00e7\u00f5es, entre outras coisas.<br>Todo cuidado \u00e9 pouco quando falamos de seguran\u00e7a.<\/p>\n\n\n\n<h3 class=\"wp-block-heading\">Resumindo.<\/h3>\n\n\n\n<p>Em resumo, a energia el\u00e9trica \u00e9 essencial para a vida moderna, mas \u00e9 importante que sua produ\u00e7\u00e3o respeite o meio ambiente forma respons\u00e1vel e segura para garantir o bem-estar humano e a sustentabilidade ambiental.<\/p>\n\n\n\n<h2 class=\"wp-block-heading\">E cuidado!<\/h2>\n\n\n\n<p><em>A energia el\u00e9trica pode cozinhar o alimento de uma pessoa, mas tamb\u00e9m pode cozinhar a pessoa!<\/em><\/p>\n\n\n\n<p>Na d\u00favida, conte sempre com um <a href=\"http:\/\/kae.tec.br\" data-type=\"link\" data-id=\"kae.tec.br\"><em>eletricista<\/em><\/a> para garantir seguran\u00e7a e qualidade em instala\u00e7\u00f5es e manuten\u00e7\u00f5es el\u00e9tricas.<\/p>\n\n\n\n<hr class=\"wp-block-separator has-alpha-channel-opacity\"\/>\n\n\n\n<figure class=\"wp-block-image size-full is-resized\"><a href=\"https:\/\/kae.tec.br\/\"><img loading=\"lazy\" decoding=\"async\" src=\"https:\/\/kae.tec.br\/eletricista\/wp-content\/uploads\/2024\/03\/avatar.webp\" alt=\"Eletricista\" class=\"wp-image-406\" width=\"92\" height=\"149\" title=\"Eletricista\"><\/a><\/figure>\n\n\n\n<p>De uma olhada no <a href=\"https:\/\/kae.tec.br\/eletricista\/sitemap-html-blog-do-eletricista\/\" data-type=\"page\" data-id=\"894\">Sitemap do Blog<\/a><\/p>\n","protected":false},"excerpt":{"rendered":"<p>El\u00e9trica, constru\u00e7\u00e3o, decora\u00e7\u00e3o, servi\u00e7os, tecnologia e curiosidades \u00daltimos posts: Blog do Eletricista J\u00e1 parou para pensar como seria a vida sem energia el\u00e9trica? Algumas pessoas conseguem viver sem ela, mas a maioria n\u00e3o suportaria a ideia.Afinal, a energia el\u00e9trica \u00e9 fundamental para o nosso dia a dia. Mas o que \u00e9 exatamente a energia el\u00e9trica? &#8230; <a title=\"Blog do Eletricista\" class=\"read-more\" href=\"https:\/\/kae.tec.br\/eletricista\/\" aria-label=\"Read more about Blog do Eletricista\">Ler mais<\/a><\/p>\n","protected":false},"author":2,"featured_media":0,"parent":0,"menu_order":0,"comment_status":"closed","ping_status":"closed","template":"","meta":{"_seopress_robots_primary_cat":"","_seopress_titles_title":"Blog do Eletricista de Jundia\u00ed - KAE Services","_seopress_titles_desc":"El\u00e9trica, constru\u00e7\u00e3o, servi\u00e7os, tecnologia, curiosidades. Nosso maior prop\u00f3sito \u00e9 aproveitar as for\u00e7as da natureza em benef\u00edcio da humanidade. - Tesla","_seopress_robots_index":"","footnotes":""},"class_list":["post-15","page","type-page","status-publish"],"_links":{"self":[{"href":"https:\/\/kae.tec.br\/eletricista\/wp-json\/wp\/v2\/pages\/15","targetHints":{"allow":["GET"]}}],"collection":[{"href":"https:\/\/kae.tec.br\/eletricista\/wp-json\/wp\/v2\/pages"}],"about":[{"href":"https:\/\/kae.tec.br\/eletricista\/wp-json\/wp\/v2\/types\/page"}],"author":[{"embeddable":true,"href":"https:\/\/kae.tec.br\/eletricista\/wp-json\/wp\/v2\/users\/2"}],"replies":[{"embeddable":true,"href":"https:\/\/kae.tec.br\/eletricista\/wp-json\/wp\/v2\/comments?post=15"}],"version-history":[{"count":80,"href":"https:\/\/kae.tec.br\/eletricista\/wp-json\/wp\/v2\/pages\/15\/revisions"}],"predecessor-version":[{"id":1718,"href":"https:\/\/kae.tec.br\/eletricista\/wp-json\/wp\/v2\/pages\/15\/revisions\/1718"}],"wp:attachment":[{"href":"https:\/\/kae.tec.br\/eletricista\/wp-json\/wp\/v2\/media?parent=15"}],"curies":[{"name":"wp","href":"https:\/\/api.w.org\/{rel}","templated":true}]}}